{"id":7,"date":"2016-06-12T15:37:38","date_gmt":"2016-06-12T15:37:38","guid":{"rendered":"http:\/\/abc-symposium.org\/?page_id=7"},"modified":"2022-10-04T10:53:32","modified_gmt":"2022-10-04T08:53:32","slug":"das-symposium","status":"publish","type":"page","link":"https:\/\/abc-symposium.org\/?page_id=7","title":{"rendered":"\u00dcber das Symposium"},"content":{"rendered":"<p><img loading=\"lazy\" decoding=\"async\" data-attachment-id=\"104\" data-permalink=\"https:\/\/abc-symposium.org\/?attachment_id=104\" data-orig-file=\"https:\/\/i0.wp.com\/abc-symposium.org\/wp-content\/uploads\/2016\/06\/Bild1.jpg?fit=555%2C370&amp;ssl=1\" data-orig-size=\"555,370\" data-comments-opened=\"1\" data-image-meta=\"{&quot;aperture&quot;:&quot;0&quot;,&quot;credit&quot;:&quot;&quot;,&quot;camera&quot;:&quot;&quot;,&quot;caption&quot;:&quot;&quot;,&quot;created_timestamp&quot;:&quot;0&quot;,&quot;copyright&quot;:&quot;&quot;,&quot;focal_length&quot;:&quot;0&quot;,&quot;iso&quot;:&quot;0&quot;,&quot;shutter_speed&quot;:&quot;0&quot;,&quot;title&quot;:&quot;&quot;,&quot;orientation&quot;:&quot;0&quot;}\" data-image-title=\"bild1\" data-image-description=\"\" data-image-caption=\"\" data-medium-file=\"https:\/\/i0.wp.com\/abc-symposium.org\/wp-content\/uploads\/2016\/06\/Bild1.jpg?fit=300%2C200&amp;ssl=1\" data-large-file=\"https:\/\/i0.wp.com\/abc-symposium.org\/wp-content\/uploads\/2016\/06\/Bild1.jpg?fit=555%2C370&amp;ssl=1\" class=\"size-medium wp-image-104 alignleft\" src=\"https:\/\/i0.wp.com\/abc-symposium.org\/wp-content\/uploads\/2016\/06\/Bild1.jpg?resize=300%2C200&#038;ssl=1\" alt=\"bild1\" width=\"300\" height=\"200\" srcset=\"https:\/\/i0.wp.com\/abc-symposium.org\/wp-content\/uploads\/2016\/06\/Bild1.jpg?resize=300%2C200&amp;ssl=1 300w, https:\/\/i0.wp.com\/abc-symposium.org\/wp-content\/uploads\/2016\/06\/Bild1.jpg?w=555&amp;ssl=1 555w\" sizes=\"(max-width: 300px) 100vw, 300px\" data-recalc-dims=\"1\" \/>Das Symposium &#8222;ABC-Gefahren&#8220; steht f\u00fcr die Idee, dass Fachwissen und Kompetenz in der Feuerwehr die Verpflichtung mit sich bringen, dieses Wissen bestm\u00f6glich an die Kameraden weiterzugeben. Diese Idee leben wir in der Veranstaltung des Symposiums &#8222;ABC-Gefahren&#8220; aus.<\/p>\n<p>&#8222;Wir&#8220;, das Team des Symposiums &#8222;ABC-Gefahren&#8220;: Hierin haben sich viele Feuerwehrfachkr\u00e4fte aus Chemie, Biologie, Physik und Ingenieurswesen zusammengeschlossen, um ihre Kameraden bestm\u00f6glich auf den ABC-Einsatz vorzubereiten. Denn neben den wichtigen Ausbildungsveranstaltungen zur richtigen Taktik und dem Umgang mit den Ger\u00e4tschaften der ABC-Gefahrenabwehr kommt die fachliche Ausbildung &#8211; mangels geeigneter Labore, Chemikalien und Sicherheitseinrichtungen in den Feuerwehrh\u00e4usern &#8211; oft zu kurz. Da sie nicht durch entsprechende Ausbildung widerlegt werden, setzen sich daher bei einigen Einsatzkr\u00e4ften die volksl\u00e4ufigen, \u00fcberzogenen Vorstellungen von z.B. Chemie durch &#8211; was im schlimmsten Fall einen gewissen Grad an Angst statt gesundem Respekt hervorbringt. Das Symposium &#8222;ABC-Gefahren&#8220; ist eine Einrichtung, die genau diese Fehlvorstellungen ausr\u00e4umen m\u00f6chte.<\/p>\n<p><img loading=\"lazy\" decoding=\"async\" data-attachment-id=\"105\" data-permalink=\"https:\/\/abc-symposium.org\/?attachment_id=105\" data-orig-file=\"https:\/\/i0.wp.com\/abc-symposium.org\/wp-content\/uploads\/2016\/06\/Bild1-1.png?fit=481%2C333&amp;ssl=1\" data-orig-size=\"481,333\" data-comments-opened=\"1\" data-image-meta=\"{&quot;aperture&quot;:&quot;0&quot;,&quot;credit&quot;:&quot;&quot;,&quot;camera&quot;:&quot;&quot;,&quot;caption&quot;:&quot;&quot;,&quot;created_timestamp&quot;:&quot;0&quot;,&quot;copyright&quot;:&quot;&quot;,&quot;focal_length&quot;:&quot;0&quot;,&quot;iso&quot;:&quot;0&quot;,&quot;shutter_speed&quot;:&quot;0&quot;,&quot;title&quot;:&quot;&quot;,&quot;orientation&quot;:&quot;0&quot;}\" data-image-title=\"bild1\" data-image-description=\"\" data-image-caption=\"\" data-medium-file=\"https:\/\/i0.wp.com\/abc-symposium.org\/wp-content\/uploads\/2016\/06\/Bild1-1.png?fit=300%2C208&amp;ssl=1\" data-large-file=\"https:\/\/i0.wp.com\/abc-symposium.org\/wp-content\/uploads\/2016\/06\/Bild1-1.png?fit=481%2C333&amp;ssl=1\" class=\"size-medium wp-image-105 alignright\" src=\"https:\/\/i0.wp.com\/abc-symposium.org\/wp-content\/uploads\/2016\/06\/Bild1-1.png?resize=300%2C208&#038;ssl=1\" alt=\"bild1\" width=\"300\" height=\"208\" srcset=\"https:\/\/i0.wp.com\/abc-symposium.org\/wp-content\/uploads\/2016\/06\/Bild1-1.png?resize=300%2C208&amp;ssl=1 300w, https:\/\/i0.wp.com\/abc-symposium.org\/wp-content\/uploads\/2016\/06\/Bild1-1.png?resize=480%2C333&amp;ssl=1 480w, https:\/\/i0.wp.com\/abc-symposium.org\/wp-content\/uploads\/2016\/06\/Bild1-1.png?w=481&amp;ssl=1 481w\" sizes=\"(max-width: 300px) 100vw, 300px\" data-recalc-dims=\"1\" \/><\/p>\n<p>Im Zusammenarbeit mit der Universit\u00e4t Siegen k\u00f6nnen wir als Feuerwehrfachkr\u00e4fte die f\u00fcr den ABC-Einsatz wichtigen naturwissenschaftlichen Grundlagen in den Laboren der Universit\u00e4t Siegen vermitteln. Dabei ist es uns besonders wichtig, dass Kameradinnen und Kameraden mit jeder Vorbildung teilnehmen k\u00f6nnen: Wir gehen vom Allgemeinwissen aus und steigern das Ausbildungsniveau unter Zuhilfenahme von Experimenten und einer angepassten Didaktik. Der experimentelle Eindruck liegt unserem Ausbilderteam besonders am Herzen, weil die Feuerwehr in mitunter kritischen Situationen &#8211; im schlimmsten Fall ohne Fachberatung &#8211; weitreichende taktische Entscheidungen treffen muss. Da ist es wichtig mal einige exemplarische Reaktionen mit eigenen Augen verfolgt zu haben.<\/p>\n<p>Eben weil dieser experimentelle Eindruck unbedingt vermittelt werden soll und der Platz in den Laboren der Universit\u00e4t Siegen begrenzt ist, m\u00fcssen wir die Teilnehmerzahl auf 120 Teilnehmer beschr\u00e4nken. Wir versuchen diese Pl\u00e4tze m\u00f6glichst gleichm\u00e4\u00dfig unter den angemeldeten Feuerwehren zu verteilen, r\u00e4umen jedoch den Landkreisen Siegen-Wittgenstein und Olpe aus regionaler Verantwortung ein \u00fcberdurchschnittlich hohes Kontingent ein. Mannschafts- und F\u00fchrungsdienstgrade werden gleicherma\u00dfen ber\u00fccksichtigt.<\/p>\n<p>Lust bekommen? Unter Anmeldung kannst Du Dich (nach Beginn der Anmeldephase) zum Symposium anmelden!<\/p>\n","protected":false},"excerpt":{"rendered":"<p>Das Symposium &#8222;ABC-Gefahren&#8220; steht f\u00fcr die Idee, dass Fachwissen und Kompetenz in der Feuerwehr die Verpflichtung mit sich bringen, dieses Wissen bestm\u00f6glich an die Kameraden weiterzugeben. Diese Idee leben wir in der Veranstaltung des Symposiums &#8222;ABC-Gefahren&#8220; aus. &#8222;Wir&#8220;, das Team des Symposiums &#8222;ABC-Gefahren&#8220;: Hierin haben sich viele Feuerwehrfachkr\u00e4fte aus Chemie, Biologie, Physik und Ingenieurswesen zusammengeschlossen, <a href=\"https:\/\/abc-symposium.org\/?page_id=7\" rel=\"nofollow\"><span class=\"sr-only\">Read more about \u00dcber das Symposium<\/span>[&hellip;]<\/a><\/p>\n","protected":false},"author":1,"featured_media":0,"parent":0,"menu_order":0,"comment_status":"closed","ping_status":"closed","template":"","meta":{"jetpack_post_was_ever_published":false,"footnotes":""},"jetpack_sharing_enabled":false,"jetpack_shortlink":"https:\/\/wp.me\/P7Dlr6-7","jetpack-related-posts":[],"_links":{"self":[{"href":"https:\/\/abc-symposium.org\/index.php?rest_route=\/wp\/v2\/pages\/7"}],"collection":[{"href":"https:\/\/abc-symposium.org\/index.php?rest_route=\/wp\/v2\/pages"}],"about":[{"href":"https:\/\/abc-symposium.org\/index.php?rest_route=\/wp\/v2\/types\/page"}],"author":[{"embeddable":true,"href":"https:\/\/abc-symposium.org\/index.php?rest_route=\/wp\/v2\/users\/1"}],"replies":[{"embeddable":true,"href":"https:\/\/abc-symposium.org\/index.php?rest_route=%2Fwp%2Fv2%2Fcomments&post=7"}],"version-history":[{"count":8,"href":"https:\/\/abc-symposium.org\/index.php?rest_route=\/wp\/v2\/pages\/7\/revisions"}],"predecessor-version":[{"id":353,"href":"https:\/\/abc-symposium.org\/index.php?rest_route=\/wp\/v2\/pages\/7\/revisions\/353"}],"wp:attachment":[{"href":"https:\/\/abc-symposium.org\/index.php?rest_route=%2Fwp%2Fv2%2Fmedia&parent=7"}],"curies":[{"name":"wp","href":"https:\/\/api.w.org\/{rel}","templated":true}]}}