{"id":27,"date":"2017-08-17T20:19:33","date_gmt":"2017-08-17T18:19:33","guid":{"rendered":"http:\/\/abc-symposium.org\/?page_id=27"},"modified":"2025-11-01T19:51:01","modified_gmt":"2025-11-01T17:51:01","slug":"anmeldung-2","status":"publish","type":"page","link":"https:\/\/abc-symposium.org\/?page_id=27","title":{"rendered":"Anmeldung"},"content":{"rendered":"<p>Alle Teilnehmerpl\u00e4tze sind besetzt, aber keine Sorge: N\u00e4chstes Jahr wird auch wieder ein Symposium stattfinden.<\/p>\n<p>Unter &#8222;WICHTIGE TERMINE&#8220; <a href=\"https:\/\/abc-symposium.org\/?page_id=6\">https:\/\/abc-symposium.org\/?page_id=6<\/a> findet ihr alle Termine des diesj\u00e4hrigen Symposiums.<\/p>\n<div data-offset-key=\"6uvg4-0-0\">Die Teilnahmgeb\u00fchr betr\u00e4gt in diesem Jahr 45 \u20ac.<\/div>\n<div data-offset-key=\"6uvg4-0-0\">Dies beinhaltet Getr\u00e4nke und Essen an der Auftaktveranstaltung, sowie Getr\u00e4nke und Essen w\u00e4hrend des Symposiums.<\/div>\n<div data-offset-key=\"6uvg4-0-0\">\u00a0<\/div>\n\n\n<p><\/p>\n\n\n\n<p>Veranstaltungsort ist die Universit\u00e4t Siegen, eine genaue Beschreibung wird in der Anmeldebest\u00e4tigung zugesandt.<\/p>\n\n\n\n<p><\/p>\n\n\n\n<p><\/p>\n\n\n\n<p><\/p>\n","protected":false},"excerpt":{"rendered":"<p>Alle Teilnehmerpl\u00e4tze sind besetzt, aber keine Sorge: N\u00e4chstes Jahr wird auch wieder ein Symposium stattfinden. Unter &#8222;WICHTIGE TERMINE&#8220; https:\/\/abc-symposium.org\/?page_id=6 findet ihr alle Termine des diesj\u00e4hrigen Symposiums. Die Teilnahmgeb\u00fchr betr\u00e4gt in diesem Jahr 45 \u20ac. Dies beinhaltet Getr\u00e4nke und Essen an der Auftaktveranstaltung, sowie Getr\u00e4nke und Essen w\u00e4hrend des Symposiums. \u00a0 Veranstaltungsort ist die Universit\u00e4t Siegen, <a href=\"https:\/\/abc-symposium.org\/?page_id=27\" rel=\"nofollow\"><span class=\"sr-only\">Read more about Anmeldung<\/span>[&hellip;]<\/a><\/p>\n","protected":false},"author":1,"featured_media":0,"parent":0,"menu_order":0,"comment_status":"closed","ping_status":"closed","template":"","meta":{"jetpack_post_was_ever_published":false,"footnotes":""},"jetpack_sharing_enabled":true,"jetpack_shortlink":"https:\/\/wp.me\/P7Dlr6-r","jetpack-related-posts":[],"_links":{"self":[{"href":"https:\/\/abc-symposium.org\/index.php?rest_route=\/wp\/v2\/pages\/27"}],"collection":[{"href":"https:\/\/abc-symposium.org\/index.php?rest_route=\/wp\/v2\/pages"}],"about":[{"href":"https:\/\/abc-symposium.org\/index.php?rest_route=\/wp\/v2\/types\/page"}],"author":[{"embeddable":true,"href":"https:\/\/abc-symposium.org\/index.php?rest_route=\/wp\/v2\/users\/1"}],"replies":[{"embeddable":true,"href":"https:\/\/abc-symposium.org\/index.php?rest_route=%2Fwp%2Fv2%2Fcomments&post=27"}],"version-history":[{"count":55,"href":"https:\/\/abc-symposium.org\/index.php?rest_route=\/wp\/v2\/pages\/27\/revisions"}],"predecessor-version":[{"id":873,"href":"https:\/\/abc-symposium.org\/index.php?rest_route=\/wp\/v2\/pages\/27\/revisions\/873"}],"wp:attachment":[{"href":"https:\/\/abc-symposium.org\/index.php?rest_route=%2Fwp%2Fv2%2Fmedia&parent=27"}],"curies":[{"name":"wp","href":"https:\/\/api.w.org\/{rel}","templated":true}]}}